{"id":727,"date":"2024-01-30T13:56:25","date_gmt":"2024-01-30T12:56:25","guid":{"rendered":"https:\/\/www.abogadosmontequinto.com\/?page_id=727"},"modified":"2024-06-10T14:37:30","modified_gmt":"2024-06-10T12:37:30","slug":"accidentes-de-trafico-y-lesiones","status":"publish","type":"page","link":"https:\/\/www.abogadosmontequinto.com\/index.php\/accidentes-de-trafico-y-lesiones\/","title":{"rendered":"Accidentes de Tr\u00e1fico y Lesiones"},"content":{"rendered":"\t\t<div data-elementor-type=\"wp-page\" data-elementor-id=\"727\" class=\"elementor elementor-727\">\n\t\t\t\t<div class=\"elementor-element elementor-element-c7047ee e-con-full e-flex e-con e-parent\" data-id=\"c7047ee\" data-element_type=\"container\" data-e-type=\"container\">\n\t\t<div class=\"elementor-element elementor-element-5560db2 e-con-full e-flex e-con e-child\" data-id=\"5560db2\" data-element_type=\"container\" data-e-type=\"container\">\n\t\t\t\t<div class=\"elementor-element elementor-element-beca4de elementor-widget elementor-widget-heading\" data-id=\"beca4de\" data-element_type=\"widget\" data-e-type=\"widget\" data-widget_type=\"heading.default\">\n\t\t\t\t<div class=\"elementor-widget-container\">\n\t\t\t\t\t<h2 class=\"elementor-heading-title elementor-size-default\">Accidentes <br>de Tr\u00e1fico <br><strong>y lesiones<\/strong><\/h2>\t\t\t\t<\/div>\n\t\t\t\t<\/div>\n\t\t\t\t<div class=\"elementor-element elementor-element-9f903d8 elementor-widget elementor-widget-text-editor\" data-id=\"9f903d8\" data-element_type=\"widget\" data-e-type=\"widget\" data-widget_type=\"text-editor.default\">\n\t\t\t\t<div class=\"elementor-widget-container\">\n\t\t\t\t\t\t\t\t\t<p>Derecho a indemnizaci\u00f3n y reclamaciones. Protecci\u00f3n especializada en tu defensa, por da\u00f1os materiales y lesiones.<\/p>\t\t\t\t\t\t\t\t<\/div>\n\t\t\t\t<\/div>\n\t\t\t\t<\/div>\n\t\t<div class=\"elementor-element elementor-element-1cb5831 e-con-full e-flex e-con e-child\" data-id=\"1cb5831\" data-element_type=\"container\" data-e-type=\"container\">\n\t\t\t\t<div class=\"elementor-element elementor-element-b3d0307 elementor-widget elementor-widget-image\" data-id=\"b3d0307\" data-element_type=\"widget\" data-e-type=\"widget\" data-widget_type=\"image.default\">\n\t\t\t\t<div class=\"elementor-widget-container\">\n\t\t\t\t\t\t\t\t\t\t\t\t\t\t\t<img fetchpriority=\"high\" decoding=\"async\" width=\"2048\" height=\"1400\" src=\"https:\/\/www.abogadosmontequinto.com\/wp-content\/uploads\/2024\/01\/White-Car.H03.2k.png\" class=\"attachment-full size-full wp-image-809\" alt=\"\" srcset=\"https:\/\/www.abogadosmontequinto.com\/wp-content\/uploads\/2024\/01\/White-Car.H03.2k.png 2048w, https:\/\/www.abogadosmontequinto.com\/wp-content\/uploads\/2024\/01\/White-Car.H03.2k-300x205.png 300w, https:\/\/www.abogadosmontequinto.com\/wp-content\/uploads\/2024\/01\/White-Car.H03.2k-1024x700.png 1024w, https:\/\/www.abogadosmontequinto.com\/wp-content\/uploads\/2024\/01\/White-Car.H03.2k-768x525.png 768w, https:\/\/www.abogadosmontequinto.com\/wp-content\/uploads\/2024\/01\/White-Car.H03.2k-1536x1050.png 1536w, https:\/\/www.abogadosmontequinto.com\/wp-content\/uploads\/2024\/01\/White-Car.H03.2k-450x308.png 450w\" sizes=\"(max-width: 2048px) 100vw, 2048px\" \/>\t\t\t\t\t\t\t\t\t\t\t\t\t\t\t<\/div>\n\t\t\t\t<\/div>\n\t\t\t\t<\/div>\n\t\t\t\t<\/div>\n\t\t<div class=\"elementor-element elementor-element-64f69c1 e-con-full e-flex e-con e-parent\" data-id=\"64f69c1\" data-element_type=\"container\" data-e-type=\"container\" data-settings=\"{&quot;background_background&quot;:&quot;classic&quot;}\">\n\t\t\t\t<div class=\"elementor-element elementor-element-b3142e8 elementor-widget elementor-widget-image\" data-id=\"b3142e8\" data-element_type=\"widget\" data-e-type=\"widget\" data-widget_type=\"image.default\">\n\t\t\t\t<div class=\"elementor-widget-container\">\n\t\t\t\t\t\t\t\t\t\t\t\t\t\t\t<img decoding=\"async\" width=\"750\" height=\"182\" src=\"https:\/\/www.abogadosmontequinto.com\/wp-content\/uploads\/2024\/01\/AM-logo-original-blanco-1-1024x249.png\" class=\"attachment-large size-large wp-image-490\" alt=\"\" srcset=\"https:\/\/www.abogadosmontequinto.com\/wp-content\/uploads\/2024\/01\/AM-logo-original-blanco-1-1024x249.png 1024w, https:\/\/www.abogadosmontequinto.com\/wp-content\/uploads\/2024\/01\/AM-logo-original-blanco-1-300x73.png 300w, https:\/\/www.abogadosmontequinto.com\/wp-content\/uploads\/2024\/01\/AM-logo-original-blanco-1-768x187.png 768w, https:\/\/www.abogadosmontequinto.com\/wp-content\/uploads\/2024\/01\/AM-logo-original-blanco-1-450x109.png 450w, https:\/\/www.abogadosmontequinto.com\/wp-content\/uploads\/2024\/01\/AM-logo-original-blanco-1.png 1032w\" sizes=\"(max-width: 750px) 100vw, 750px\" \/>\t\t\t\t\t\t\t\t\t\t\t\t\t\t\t<\/div>\n\t\t\t\t<\/div>\n\t\t\t\t<\/div>\n\t\t<div class=\"elementor-element elementor-element-79e410b e-con-full e-flex e-con e-parent\" data-id=\"79e410b\" data-element_type=\"container\" data-e-type=\"container\">\n\t\t<div class=\"elementor-element elementor-element-4905a90 e-con-full e-flex e-con e-child\" data-id=\"4905a90\" data-element_type=\"container\" data-e-type=\"container\">\n\t\t\t\t<div class=\"elementor-element elementor-element-d53d4a7 elementor-widget elementor-widget-text-editor\" data-id=\"d53d4a7\" data-element_type=\"widget\" data-e-type=\"widget\" data-widget_type=\"text-editor.default\">\n\t\t\t\t<div class=\"elementor-widget-container\">\n\t\t\t\t\t\t\t\t\t<p>En primer lugar, si has sufrido un accidente de tr\u00e1fico, en Abogados Montequinto te ayudaremos. De este modo, estudiamos tu caso y analizamos si tienes derecho a indemnizaci\u00f3n. Y, adem\u00e1s, realizamos la reclamaci\u00f3n oportuna ante la jurisdicci\u00f3n civil, penal o contencioso-administrativa. Tanto por da\u00f1os personales (lesiones) como materiales.<\/p>\t\t\t\t\t\t\t\t<\/div>\n\t\t\t\t<\/div>\n\t\t\t\t<div class=\"elementor-element elementor-element-2c36c57 elementor-widget elementor-widget-text-editor\" data-id=\"2c36c57\" data-element_type=\"widget\" data-e-type=\"widget\" data-widget_type=\"text-editor.default\">\n\t\t\t\t<div class=\"elementor-widget-container\">\n\t\t\t\t\t\t\t\t\t<p>Por esta raz\u00f3n, contamos con abogados especialistas. Abogados con una contrastada experiencia en accidentes de tr\u00e1fico y seguros.<\/p>\t\t\t\t\t\t\t\t<\/div>\n\t\t\t\t<\/div>\n\t\t\t\t<div class=\"elementor-element elementor-element-a1c4370 elementor-widget elementor-widget-text-editor\" data-id=\"a1c4370\" data-element_type=\"widget\" data-e-type=\"widget\" data-widget_type=\"text-editor.default\">\n\t\t\t\t<div class=\"elementor-widget-container\">\n\t\t\t\t\t\t\t\t\t<p>En segundo lugar, los intereses en torno a esta materia son especialmente delicados. As\u00ed que es necesario estar bien informado. Por ello, es esencial acudir a un abogado para que defienda de manera adecuada tus derechos y est\u00e9 de tu parte.<\/p>\t\t\t\t\t\t\t\t<\/div>\n\t\t\t\t<\/div>\n\t\t\t\t<div class=\"elementor-element elementor-element-30a2c56 elementor-widget elementor-widget-text-editor\" data-id=\"30a2c56\" data-element_type=\"widget\" data-e-type=\"widget\" data-widget_type=\"text-editor.default\">\n\t\t\t\t<div class=\"elementor-widget-container\">\n\t\t\t\t\t\t\t\t\t<p>Finalmente, conoce tus derechos y nosotros nos encargaremos de todo. Recibir\u00e1s un asesoramiento experto y profesional y, como resultado te indicaremos\u00a0<strong>qu\u00e9, cu\u00e1nto y c\u00f3mo reclamar. Tambi\u00e9n te acompa\u00f1aremos en todo el proceso.<\/strong><\/p>\t\t\t\t\t\t\t\t<\/div>\n\t\t\t\t<\/div>\n\t\t\t\t<\/div>\n\t\t<div class=\"elementor-element elementor-element-a7c5732 e-con-full e-flex e-con e-child\" data-id=\"a7c5732\" data-element_type=\"container\" data-e-type=\"container\">\n\t\t\t\t<div class=\"elementor-element elementor-element-2c837c1 elementor-widget elementor-widget-image\" data-id=\"2c837c1\" data-element_type=\"widget\" data-e-type=\"widget\" data-widget_type=\"image.default\">\n\t\t\t\t<div class=\"elementor-widget-container\">\n\t\t\t\t\t\t\t\t\t\t\t\t\t\t\t<img decoding=\"async\" width=\"750\" height=\"500\" src=\"https:\/\/www.abogadosmontequinto.com\/wp-content\/uploads\/2024\/01\/two-men-look-at-a-report-crash-after-a-collision-b-2023-11-27-05-33-11-utc-1024x683.jpg\" class=\"attachment-large size-large wp-image-792\" alt=\"\" srcset=\"https:\/\/www.abogadosmontequinto.com\/wp-content\/uploads\/2024\/01\/two-men-look-at-a-report-crash-after-a-collision-b-2023-11-27-05-33-11-utc-1024x683.jpg 1024w, https:\/\/www.abogadosmontequinto.com\/wp-content\/uploads\/2024\/01\/two-men-look-at-a-report-crash-after-a-collision-b-2023-11-27-05-33-11-utc-300x200.jpg 300w, https:\/\/www.abogadosmontequinto.com\/wp-content\/uploads\/2024\/01\/two-men-look-at-a-report-crash-after-a-collision-b-2023-11-27-05-33-11-utc-768x512.jpg 768w, https:\/\/www.abogadosmontequinto.com\/wp-content\/uploads\/2024\/01\/two-men-look-at-a-report-crash-after-a-collision-b-2023-11-27-05-33-11-utc-1536x1024.jpg 1536w, https:\/\/www.abogadosmontequinto.com\/wp-content\/uploads\/2024\/01\/two-men-look-at-a-report-crash-after-a-collision-b-2023-11-27-05-33-11-utc-2048x1365.jpg 2048w, https:\/\/www.abogadosmontequinto.com\/wp-content\/uploads\/2024\/01\/two-men-look-at-a-report-crash-after-a-collision-b-2023-11-27-05-33-11-utc-450x300.jpg 450w\" sizes=\"(max-width: 750px) 100vw, 750px\" \/>\t\t\t\t\t\t\t\t\t\t\t\t\t\t\t<\/div>\n\t\t\t\t<\/div>\n\t\t\t\t<\/div>\n\t\t\t\t<\/div>\n\t\t\t\t<\/div>\n\t\t","protected":false},"excerpt":{"rendered":"<p>Accidentes de Tr\u00e1fico y lesiones Derecho a indemnizaci\u00f3n y reclamaciones. Protecci\u00f3n especializada en tu defensa, por da\u00f1os materiales y lesiones. En primer lugar, si has sufrido un accidente de tr\u00e1fico, en Abogados Montequinto te ayudaremos. De este modo, estudiamos tu caso y analizamos si tienes derecho a indemnizaci\u00f3n. Y, adem\u00e1s, realizamos la reclamaci\u00f3n oportuna ante&hellip; <a class=\"more-link\" href=\"https:\/\/www.abogadosmontequinto.com\/index.php\/accidentes-de-trafico-y-lesiones\/\">Continue reading <span class=\"screen-reader-text\">Accidentes de Tr\u00e1fico y Lesiones<\/span><\/a><\/p>\n","protected":false},"author":1,"featured_media":0,"parent":0,"menu_order":0,"comment_status":"closed","ping_status":"closed","template":"","meta":{"inline_featured_image":false,"footnotes":""},"class_list":["post-727","page","type-page","status-publish","hentry","entry"],"yoast_head":"<!-- This site is optimized with the Yoast SEO plugin v27.4 - https:\/\/yoast.com\/product\/yoast-seo-wordpress\/ -->\n<title>Accidentes de Tr\u00e1fico y Lesiones - Abogados Montequinto<\/title>\n<meta name=\"robots\" content=\"index, follow, max-snippet:-1, max-image-preview:large, max-video-preview:-1\" \/>\n<link rel=\"canonical\" href=\"https:\/\/www.abogadosmontequinto.com\/index.php\/accidentes-de-trafico-y-lesiones\/\" \/>\n<meta property=\"og:locale\" content=\"es_ES\" \/>\n<meta property=\"og:type\" content=\"article\" \/>\n<meta property=\"og:title\" content=\"Accidentes de Tr\u00e1fico y Lesiones - Abogados Montequinto\" \/>\n<meta property=\"og:description\" content=\"Accidentes de Tr\u00e1fico y lesiones Derecho a indemnizaci\u00f3n y reclamaciones. Protecci\u00f3n especializada en tu defensa, por da\u00f1os materiales y lesiones. En primer lugar, si has sufrido un accidente de tr\u00e1fico, en Abogados Montequinto te ayudaremos. De este modo, estudiamos tu caso y analizamos si tienes derecho a indemnizaci\u00f3n. Y, adem\u00e1s, realizamos la reclamaci\u00f3n oportuna ante&hellip; Continue reading Accidentes de Tr\u00e1fico y Lesiones\" \/>\n<meta property=\"og:url\" content=\"https:\/\/www.abogadosmontequinto.com\/index.php\/accidentes-de-trafico-y-lesiones\/\" \/>\n<meta property=\"og:site_name\" content=\"Abogados Montequinto\" \/>\n<meta property=\"article:modified_time\" content=\"2024-06-10T12:37:30+00:00\" \/>\n<meta property=\"og:image\" content=\"https:\/\/www.abogadosmontequinto.com\/wp-content\/uploads\/2024\/01\/White-Car.H03.2k.png\" \/>\n<meta name=\"twitter:card\" content=\"summary_large_image\" \/>\n<meta name=\"twitter:label1\" content=\"Tiempo de lectura\" \/>\n\t<meta name=\"twitter:data1\" content=\"2 minutos\" \/>\n<script type=\"application\/ld+json\" class=\"yoast-schema-graph\">{\"@context\":\"https:\\\/\\\/schema.org\",\"@graph\":[{\"@type\":\"WebPage\",\"@id\":\"https:\\\/\\\/www.abogadosmontequinto.com\\\/index.php\\\/accidentes-de-trafico-y-lesiones\\\/\",\"url\":\"https:\\\/\\\/www.abogadosmontequinto.com\\\/index.php\\\/accidentes-de-trafico-y-lesiones\\\/\",\"name\":\"Accidentes de Tr\u00e1fico y Lesiones - Abogados Montequinto\",\"isPartOf\":{\"@id\":\"https:\\\/\\\/www.abogadosmontequinto.com\\\/#website\"},\"primaryImageOfPage\":{\"@id\":\"https:\\\/\\\/www.abogadosmontequinto.com\\\/index.php\\\/accidentes-de-trafico-y-lesiones\\\/#primaryimage\"},\"image\":{\"@id\":\"https:\\\/\\\/www.abogadosmontequinto.com\\\/index.php\\\/accidentes-de-trafico-y-lesiones\\\/#primaryimage\"},\"thumbnailUrl\":\"https:\\\/\\\/www.abogadosmontequinto.com\\\/wp-content\\\/uploads\\\/2024\\\/01\\\/White-Car.H03.2k.png\",\"datePublished\":\"2024-01-30T12:56:25+00:00\",\"dateModified\":\"2024-06-10T12:37:30+00:00\",\"breadcrumb\":{\"@id\":\"https:\\\/\\\/www.abogadosmontequinto.com\\\/index.php\\\/accidentes-de-trafico-y-lesiones\\\/#breadcrumb\"},\"inLanguage\":\"es\",\"potentialAction\":[{\"@type\":\"ReadAction\",\"target\":[\"https:\\\/\\\/www.abogadosmontequinto.com\\\/index.php\\\/accidentes-de-trafico-y-lesiones\\\/\"]}]},{\"@type\":\"ImageObject\",\"inLanguage\":\"es\",\"@id\":\"https:\\\/\\\/www.abogadosmontequinto.com\\\/index.php\\\/accidentes-de-trafico-y-lesiones\\\/#primaryimage\",\"url\":\"https:\\\/\\\/www.abogadosmontequinto.com\\\/wp-content\\\/uploads\\\/2024\\\/01\\\/White-Car.H03.2k.png\",\"contentUrl\":\"https:\\\/\\\/www.abogadosmontequinto.com\\\/wp-content\\\/uploads\\\/2024\\\/01\\\/White-Car.H03.2k.png\",\"width\":2048,\"height\":1400},{\"@type\":\"BreadcrumbList\",\"@id\":\"https:\\\/\\\/www.abogadosmontequinto.com\\\/index.php\\\/accidentes-de-trafico-y-lesiones\\\/#breadcrumb\",\"itemListElement\":[{\"@type\":\"ListItem\",\"position\":1,\"name\":\"Portada\",\"item\":\"https:\\\/\\\/www.abogadosmontequinto.com\\\/\"},{\"@type\":\"ListItem\",\"position\":2,\"name\":\"Accidentes de Tr\u00e1fico y Lesiones\"}]},{\"@type\":\"WebSite\",\"@id\":\"https:\\\/\\\/www.abogadosmontequinto.com\\\/#website\",\"url\":\"https:\\\/\\\/www.abogadosmontequinto.com\\\/\",\"name\":\"Abogados Montequinto\",\"description\":\"\",\"publisher\":{\"@id\":\"https:\\\/\\\/www.abogadosmontequinto.com\\\/#organization\"},\"potentialAction\":[{\"@type\":\"SearchAction\",\"target\":{\"@type\":\"EntryPoint\",\"urlTemplate\":\"https:\\\/\\\/www.abogadosmontequinto.com\\\/?s={search_term_string}\"},\"query-input\":{\"@type\":\"PropertyValueSpecification\",\"valueRequired\":true,\"valueName\":\"search_term_string\"}}],\"inLanguage\":\"es\"},{\"@type\":\"Organization\",\"@id\":\"https:\\\/\\\/www.abogadosmontequinto.com\\\/#organization\",\"name\":\"Abogados Montequinto\",\"url\":\"https:\\\/\\\/www.abogadosmontequinto.com\\\/\",\"logo\":{\"@type\":\"ImageObject\",\"inLanguage\":\"es\",\"@id\":\"https:\\\/\\\/www.abogadosmontequinto.com\\\/#\\\/schema\\\/logo\\\/image\\\/\",\"url\":\"https:\\\/\\\/www.abogadosmontequinto.com\\\/wp-content\\\/uploads\\\/2024\\\/01\\\/AM-logotipo-verde-claro.png\",\"contentUrl\":\"https:\\\/\\\/www.abogadosmontequinto.com\\\/wp-content\\\/uploads\\\/2024\\\/01\\\/AM-logotipo-verde-claro.png\",\"width\":8224,\"height\":2000,\"caption\":\"Abogados Montequinto\"},\"image\":{\"@id\":\"https:\\\/\\\/www.abogadosmontequinto.com\\\/#\\\/schema\\\/logo\\\/image\\\/\"}}]}<\/script>\n<!-- \/ Yoast SEO plugin. -->","yoast_head_json":{"title":"Accidentes de Tr\u00e1fico y Lesiones - Abogados Montequinto","robots":{"index":"index","follow":"follow","max-snippet":"max-snippet:-1","max-image-preview":"max-image-preview:large","max-video-preview":"max-video-preview:-1"},"canonical":"https:\/\/www.abogadosmontequinto.com\/index.php\/accidentes-de-trafico-y-lesiones\/","og_locale":"es_ES","og_type":"article","og_title":"Accidentes de Tr\u00e1fico y Lesiones - Abogados Montequinto","og_description":"Accidentes de Tr\u00e1fico y lesiones Derecho a indemnizaci\u00f3n y reclamaciones. Protecci\u00f3n especializada en tu defensa, por da\u00f1os materiales y lesiones. En primer lugar, si has sufrido un accidente de tr\u00e1fico, en Abogados Montequinto te ayudaremos. De este modo, estudiamos tu caso y analizamos si tienes derecho a indemnizaci\u00f3n. Y, adem\u00e1s, realizamos la reclamaci\u00f3n oportuna ante&hellip; Continue reading Accidentes de Tr\u00e1fico y Lesiones","og_url":"https:\/\/www.abogadosmontequinto.com\/index.php\/accidentes-de-trafico-y-lesiones\/","og_site_name":"Abogados Montequinto","article_modified_time":"2024-06-10T12:37:30+00:00","og_image":[{"url":"https:\/\/www.abogadosmontequinto.com\/wp-content\/uploads\/2024\/01\/White-Car.H03.2k.png","type":"","width":"","height":""}],"twitter_card":"summary_large_image","twitter_misc":{"Tiempo de lectura":"2 minutos"},"schema":{"@context":"https:\/\/schema.org","@graph":[{"@type":"WebPage","@id":"https:\/\/www.abogadosmontequinto.com\/index.php\/accidentes-de-trafico-y-lesiones\/","url":"https:\/\/www.abogadosmontequinto.com\/index.php\/accidentes-de-trafico-y-lesiones\/","name":"Accidentes de Tr\u00e1fico y Lesiones - Abogados Montequinto","isPartOf":{"@id":"https:\/\/www.abogadosmontequinto.com\/#website"},"primaryImageOfPage":{"@id":"https:\/\/www.abogadosmontequinto.com\/index.php\/accidentes-de-trafico-y-lesiones\/#primaryimage"},"image":{"@id":"https:\/\/www.abogadosmontequinto.com\/index.php\/accidentes-de-trafico-y-lesiones\/#primaryimage"},"thumbnailUrl":"https:\/\/www.abogadosmontequinto.com\/wp-content\/uploads\/2024\/01\/White-Car.H03.2k.png","datePublished":"2024-01-30T12:56:25+00:00","dateModified":"2024-06-10T12:37:30+00:00","breadcrumb":{"@id":"https:\/\/www.abogadosmontequinto.com\/index.php\/accidentes-de-trafico-y-lesiones\/#breadcrumb"},"inLanguage":"es","potentialAction":[{"@type":"ReadAction","target":["https:\/\/www.abogadosmontequinto.com\/index.php\/accidentes-de-trafico-y-lesiones\/"]}]},{"@type":"ImageObject","inLanguage":"es","@id":"https:\/\/www.abogadosmontequinto.com\/index.php\/accidentes-de-trafico-y-lesiones\/#primaryimage","url":"https:\/\/www.abogadosmontequinto.com\/wp-content\/uploads\/2024\/01\/White-Car.H03.2k.png","contentUrl":"https:\/\/www.abogadosmontequinto.com\/wp-content\/uploads\/2024\/01\/White-Car.H03.2k.png","width":2048,"height":1400},{"@type":"BreadcrumbList","@id":"https:\/\/www.abogadosmontequinto.com\/index.php\/accidentes-de-trafico-y-lesiones\/#breadcrumb","itemListElement":[{"@type":"ListItem","position":1,"name":"Portada","item":"https:\/\/www.abogadosmontequinto.com\/"},{"@type":"ListItem","position":2,"name":"Accidentes de Tr\u00e1fico y Lesiones"}]},{"@type":"WebSite","@id":"https:\/\/www.abogadosmontequinto.com\/#website","url":"https:\/\/www.abogadosmontequinto.com\/","name":"Abogados Montequinto","description":"","publisher":{"@id":"https:\/\/www.abogadosmontequinto.com\/#organization"},"potentialAction":[{"@type":"SearchAction","target":{"@type":"EntryPoint","urlTemplate":"https:\/\/www.abogadosmontequinto.com\/?s={search_term_string}"},"query-input":{"@type":"PropertyValueSpecification","valueRequired":true,"valueName":"search_term_string"}}],"inLanguage":"es"},{"@type":"Organization","@id":"https:\/\/www.abogadosmontequinto.com\/#organization","name":"Abogados Montequinto","url":"https:\/\/www.abogadosmontequinto.com\/","logo":{"@type":"ImageObject","inLanguage":"es","@id":"https:\/\/www.abogadosmontequinto.com\/#\/schema\/logo\/image\/","url":"https:\/\/www.abogadosmontequinto.com\/wp-content\/uploads\/2024\/01\/AM-logotipo-verde-claro.png","contentUrl":"https:\/\/www.abogadosmontequinto.com\/wp-content\/uploads\/2024\/01\/AM-logotipo-verde-claro.png","width":8224,"height":2000,"caption":"Abogados Montequinto"},"image":{"@id":"https:\/\/www.abogadosmontequinto.com\/#\/schema\/logo\/image\/"}}]}},"_links":{"self":[{"href":"https:\/\/www.abogadosmontequinto.com\/index.php\/wp-json\/wp\/v2\/pages\/727","targetHints":{"allow":["GET"]}}],"collection":[{"href":"https:\/\/www.abogadosmontequinto.com\/index.php\/wp-json\/wp\/v2\/pages"}],"about":[{"href":"https:\/\/www.abogadosmontequinto.com\/index.php\/wp-json\/wp\/v2\/types\/page"}],"author":[{"embeddable":true,"href":"https:\/\/www.abogadosmontequinto.com\/index.php\/wp-json\/wp\/v2\/users\/1"}],"replies":[{"embeddable":true,"href":"https:\/\/www.abogadosmontequinto.com\/index.php\/wp-json\/wp\/v2\/comments?post=727"}],"version-history":[{"count":5,"href":"https:\/\/www.abogadosmontequinto.com\/index.php\/wp-json\/wp\/v2\/pages\/727\/revisions"}],"predecessor-version":[{"id":1108,"href":"https:\/\/www.abogadosmontequinto.com\/index.php\/wp-json\/wp\/v2\/pages\/727\/revisions\/1108"}],"wp:attachment":[{"href":"https:\/\/www.abogadosmontequinto.com\/index.php\/wp-json\/wp\/v2\/media?parent=727"}],"curies":[{"name":"wp","href":"https:\/\/api.w.org\/{rel}","templated":true}]}}