{"id":858,"date":"2024-01-31T12:28:39","date_gmt":"2024-01-31T11:28:39","guid":{"rendered":"https:\/\/www.abogadosmontequinto.com\/?page_id=858"},"modified":"2024-06-10T14:38:06","modified_gmt":"2024-06-10T12:38:06","slug":"administrativo-y-contencioso","status":"publish","type":"page","link":"https:\/\/www.abogadosmontequinto.com\/index.php\/administrativo-y-contencioso\/","title":{"rendered":"Administrativo y Contencioso"},"content":{"rendered":"\t\t<div data-elementor-type=\"wp-page\" data-elementor-id=\"858\" class=\"elementor elementor-858\">\n\t\t\t\t<div class=\"elementor-element elementor-element-c7047ee e-con-full e-flex e-con e-parent\" data-id=\"c7047ee\" data-element_type=\"container\" data-e-type=\"container\">\n\t\t<div class=\"elementor-element elementor-element-5560db2 e-con-full e-flex e-con e-child\" data-id=\"5560db2\" data-element_type=\"container\" data-e-type=\"container\">\n\t\t\t\t<div class=\"elementor-element elementor-element-beca4de elementor-widget elementor-widget-heading\" data-id=\"beca4de\" data-element_type=\"widget\" data-e-type=\"widget\" data-widget_type=\"heading.default\">\n\t\t\t\t<div class=\"elementor-widget-container\">\n\t\t\t\t\t<h2 class=\"elementor-heading-title elementor-size-default\">Administrativo<br><strong>y Contencioso<\/strong><\/h2>\t\t\t\t<\/div>\n\t\t\t\t<\/div>\n\t\t\t\t<div class=\"elementor-element elementor-element-9f903d8 elementor-widget elementor-widget-text-editor\" data-id=\"9f903d8\" data-element_type=\"widget\" data-e-type=\"widget\" data-widget_type=\"text-editor.default\">\n\t\t\t\t<div class=\"elementor-widget-container\">\n\t\t\t\t\t\t\t\t\t<p>Asesoramiento completo en Derecho Administrativo. Protege adem\u00e1s tu derecho de petici\u00f3n a la Administraci\u00f3n. Y te representamos ante instancias, tribunales y jurisdicciones.<\/p>\t\t\t\t\t\t\t\t<\/div>\n\t\t\t\t<\/div>\n\t\t\t\t<\/div>\n\t\t<div class=\"elementor-element elementor-element-1cb5831 e-con-full e-flex e-con e-child\" data-id=\"1cb5831\" data-element_type=\"container\" data-e-type=\"container\">\n\t\t\t\t<div class=\"elementor-element elementor-element-b3d0307 elementor-widget elementor-widget-image\" data-id=\"b3d0307\" data-element_type=\"widget\" data-e-type=\"widget\" data-widget_type=\"image.default\">\n\t\t\t\t<div class=\"elementor-widget-container\">\n\t\t\t\t\t\t\t\t\t\t\t\t\t\t\t<img fetchpriority=\"high\" decoding=\"async\" width=\"2048\" height=\"1496\" src=\"https:\/\/www.abogadosmontequinto.com\/wp-content\/uploads\/2024\/01\/administrativo.png\" class=\"attachment-full size-full wp-image-861\" alt=\"\" srcset=\"https:\/\/www.abogadosmontequinto.com\/wp-content\/uploads\/2024\/01\/administrativo.png 2048w, https:\/\/www.abogadosmontequinto.com\/wp-content\/uploads\/2024\/01\/administrativo-300x219.png 300w, https:\/\/www.abogadosmontequinto.com\/wp-content\/uploads\/2024\/01\/administrativo-1024x748.png 1024w, https:\/\/www.abogadosmontequinto.com\/wp-content\/uploads\/2024\/01\/administrativo-768x561.png 768w, https:\/\/www.abogadosmontequinto.com\/wp-content\/uploads\/2024\/01\/administrativo-1536x1122.png 1536w, https:\/\/www.abogadosmontequinto.com\/wp-content\/uploads\/2024\/01\/administrativo-450x329.png 450w\" sizes=\"(max-width: 2048px) 100vw, 2048px\" \/>\t\t\t\t\t\t\t\t\t\t\t\t\t\t\t<\/div>\n\t\t\t\t<\/div>\n\t\t\t\t<\/div>\n\t\t\t\t<\/div>\n\t\t<div class=\"elementor-element elementor-element-64f69c1 e-con-full e-flex e-con e-parent\" data-id=\"64f69c1\" data-element_type=\"container\" data-e-type=\"container\" data-settings=\"{&quot;background_background&quot;:&quot;classic&quot;}\">\n\t\t\t\t<div class=\"elementor-element elementor-element-b3142e8 elementor-widget elementor-widget-image\" data-id=\"b3142e8\" data-element_type=\"widget\" data-e-type=\"widget\" data-widget_type=\"image.default\">\n\t\t\t\t<div class=\"elementor-widget-container\">\n\t\t\t\t\t\t\t\t\t\t\t\t\t\t\t<img decoding=\"async\" width=\"750\" height=\"182\" src=\"https:\/\/www.abogadosmontequinto.com\/wp-content\/uploads\/2024\/01\/AM-logo-original-blanco-1-1024x249.png\" class=\"attachment-large size-large wp-image-490\" alt=\"\" srcset=\"https:\/\/www.abogadosmontequinto.com\/wp-content\/uploads\/2024\/01\/AM-logo-original-blanco-1-1024x249.png 1024w, https:\/\/www.abogadosmontequinto.com\/wp-content\/uploads\/2024\/01\/AM-logo-original-blanco-1-300x73.png 300w, https:\/\/www.abogadosmontequinto.com\/wp-content\/uploads\/2024\/01\/AM-logo-original-blanco-1-768x187.png 768w, https:\/\/www.abogadosmontequinto.com\/wp-content\/uploads\/2024\/01\/AM-logo-original-blanco-1-450x109.png 450w, https:\/\/www.abogadosmontequinto.com\/wp-content\/uploads\/2024\/01\/AM-logo-original-blanco-1.png 1032w\" sizes=\"(max-width: 750px) 100vw, 750px\" \/>\t\t\t\t\t\t\t\t\t\t\t\t\t\t\t<\/div>\n\t\t\t\t<\/div>\n\t\t\t\t<\/div>\n\t\t<div class=\"elementor-element elementor-element-79e410b e-con-full e-flex e-con e-parent\" data-id=\"79e410b\" data-element_type=\"container\" data-e-type=\"container\">\n\t\t<div class=\"elementor-element elementor-element-4905a90 e-con-full e-flex e-con e-child\" data-id=\"4905a90\" data-element_type=\"container\" data-e-type=\"container\">\n\t\t\t\t<div class=\"elementor-element elementor-element-d53d4a7 elementor-widget elementor-widget-text-editor\" data-id=\"d53d4a7\" data-element_type=\"widget\" data-e-type=\"widget\" data-widget_type=\"text-editor.default\">\n\t\t\t\t<div class=\"elementor-widget-container\">\n\t\t\t\t\t\t\t\t\t<p>Nuestro despacho de abogados en Montequinto, Dos Hermanas. Prestamos un asesoramiento completo en Derecho Administrativo.<\/p><p>\u00a0<\/p><p><strong>As\u00ed que no est\u00e1s solo frente a la Administraci\u00f3n.<\/strong> Y, de esta forma, te protegemos y acompa\u00f1amos en procedimientos contra la Administraci\u00f3n.\u00a0<\/p><p>\u00a0<\/p><p>Por tanto, en primer lugar, nuestro objetivo es brindar orientaci\u00f3n previa. En segundo lugar, buscar un fundamento jur\u00eddico s\u00f3lido. Y, en tercer lugar, proporcionar a nuestros clientes la ventaja de saber qu\u00e9 hacer.\u00a0<\/p><p>\u00a0<\/p><p>De esta forma, se disipan dudas y, adem\u00e1s, se afrontan con confianza los recursos.\u00a0<\/p>\t\t\t\t\t\t\t\t<\/div>\n\t\t\t\t<\/div>\n\t\t\t\t<div class=\"elementor-element elementor-element-9f2c75b elementor-widget elementor-widget-text-editor\" data-id=\"9f2c75b\" data-element_type=\"widget\" data-e-type=\"widget\" data-widget_type=\"text-editor.default\">\n\t\t\t\t<div class=\"elementor-widget-container\">\n\t\t\t\t\t\t\t\t\t<p>Sociedades, asociaciones y comunidades de propietarios.<\/p><p>Asimismo, Derecho de sucesiones y herencias.<\/p><p>Y Derecho matrimonial y reclamaciones de cantidad.<\/p>\t\t\t\t\t\t\t\t<\/div>\n\t\t\t\t<\/div>\n\t\t\t\t<div class=\"elementor-element elementor-element-a1c4370 elementor-widget elementor-widget-text-editor\" data-id=\"a1c4370\" data-element_type=\"widget\" data-e-type=\"widget\" data-widget_type=\"text-editor.default\">\n\t\t\t\t<div class=\"elementor-widget-container\">\n\t\t\t\t\t\t\t\t\t<p>Para ello, el despacho cuenta con amplia experiencia en la defensa en juicio. Adem\u00e1s de estar especializado en \u00a0derechos reales. As\u00ed como, por responsabilidad derivada de accidentes de tr\u00e1fico. Tanto frente a particulares como a entidades aseguradoras.<\/p>\t\t\t\t\t\t\t\t<\/div>\n\t\t\t\t<\/div>\n\t\t\t\t<div class=\"elementor-element elementor-element-f4a99da elementor-widget elementor-widget-text-editor\" data-id=\"f4a99da\" data-element_type=\"widget\" data-e-type=\"widget\" data-widget_type=\"text-editor.default\">\n\t\t\t\t<div class=\"elementor-widget-container\">\n\t\t\t\t\t\t\t\t\t<p>Sanciones administrativas y responsabilidad patrimonial.<\/p><p>Asimismo, en expropiaciones forzosas y subvenciones.<\/p><p>Y, sobre todo, cuando su patrimonio privado se vea lesionado. As\u00ed como, tambi\u00e9n en materia de Urbanismo. Adem\u00e1s, le representaremos ante cualquier instancia o tribunal.<\/p>\t\t\t\t\t\t\t\t<\/div>\n\t\t\t\t<\/div>\n\t\t\t\t<div class=\"elementor-element elementor-element-30a2c56 elementor-widget elementor-widget-text-editor\" data-id=\"30a2c56\" data-element_type=\"widget\" data-e-type=\"widget\" data-widget_type=\"text-editor.default\">\n\t\t\t\t<div class=\"elementor-widget-container\">\n\t\t\t\t\t\t\t\t\t<p>En primer lugar, toda clase de procedimientos penales y criminales.<\/p><p>Igualmente elaboramos denuncias, querellas y reclamaciones. Y por otro lado, interpondremos todos los recursos oportunos. Tr\u00e1iganos el problema y nosotros ofrecemos la soluci\u00f3n m\u00e1s adecuada. A cambio te ayudamos a seguir adelante.<\/p>\t\t\t\t\t\t\t\t<\/div>\n\t\t\t\t<\/div>\n\t\t\t\t<\/div>\n\t\t<div class=\"elementor-element elementor-element-a7c5732 e-con-full e-flex e-con e-child\" data-id=\"a7c5732\" data-element_type=\"container\" data-e-type=\"container\">\n\t\t\t\t<div class=\"elementor-element elementor-element-2c837c1 elementor-widget elementor-widget-image\" data-id=\"2c837c1\" data-element_type=\"widget\" data-e-type=\"widget\" data-widget_type=\"image.default\">\n\t\t\t\t<div class=\"elementor-widget-container\">\n\t\t\t\t\t\t\t\t\t\t\t\t\t\t\t<img decoding=\"async\" width=\"750\" height=\"967\" src=\"https:\/\/www.abogadosmontequinto.com\/wp-content\/uploads\/2024\/01\/huge-pile-of-paper-2023-11-28-05-25-26-utc-794x1024.jpg\" class=\"attachment-large size-large wp-image-863\" alt=\"\" srcset=\"https:\/\/www.abogadosmontequinto.com\/wp-content\/uploads\/2024\/01\/huge-pile-of-paper-2023-11-28-05-25-26-utc-794x1024.jpg 794w, https:\/\/www.abogadosmontequinto.com\/wp-content\/uploads\/2024\/01\/huge-pile-of-paper-2023-11-28-05-25-26-utc-233x300.jpg 233w, https:\/\/www.abogadosmontequinto.com\/wp-content\/uploads\/2024\/01\/huge-pile-of-paper-2023-11-28-05-25-26-utc-768x991.jpg 768w, https:\/\/www.abogadosmontequinto.com\/wp-content\/uploads\/2024\/01\/huge-pile-of-paper-2023-11-28-05-25-26-utc-1190x1536.jpg 1190w, https:\/\/www.abogadosmontequinto.com\/wp-content\/uploads\/2024\/01\/huge-pile-of-paper-2023-11-28-05-25-26-utc-1587x2048.jpg 1587w, https:\/\/www.abogadosmontequinto.com\/wp-content\/uploads\/2024\/01\/huge-pile-of-paper-2023-11-28-05-25-26-utc-450x581.jpg 450w, https:\/\/www.abogadosmontequinto.com\/wp-content\/uploads\/2024\/01\/huge-pile-of-paper-2023-11-28-05-25-26-utc-scaled.jpg 1984w\" sizes=\"(max-width: 750px) 100vw, 750px\" \/>\t\t\t\t\t\t\t\t\t\t\t\t\t\t\t<\/div>\n\t\t\t\t<\/div>\n\t\t\t\t<\/div>\n\t\t\t\t<\/div>\n\t\t\t\t<\/div>\n\t\t","protected":false},"excerpt":{"rendered":"<p>Administrativoy Contencioso Asesoramiento completo en Derecho Administrativo. Protege adem\u00e1s tu derecho de petici\u00f3n a la Administraci\u00f3n. Y te representamos ante instancias, tribunales y jurisdicciones. Nuestro despacho de abogados en Montequinto, Dos Hermanas. Prestamos un asesoramiento completo en Derecho Administrativo. \u00a0 As\u00ed que no est\u00e1s solo frente a la Administraci\u00f3n. Y, de esta forma, te protegemos&hellip; <a class=\"more-link\" href=\"https:\/\/www.abogadosmontequinto.com\/index.php\/administrativo-y-contencioso\/\">Continue reading <span class=\"screen-reader-text\">Administrativo y Contencioso<\/span><\/a><\/p>\n","protected":false},"author":1,"featured_media":0,"parent":0,"menu_order":0,"comment_status":"closed","ping_status":"closed","template":"","meta":{"inline_featured_image":false,"footnotes":""},"class_list":["post-858","page","type-page","status-publish","hentry","entry"],"yoast_head":"<!-- This site is optimized with the Yoast SEO plugin v27.4 - https:\/\/yoast.com\/product\/yoast-seo-wordpress\/ -->\n<title>Administrativo y Contencioso - Abogados Montequinto<\/title>\n<meta name=\"robots\" content=\"index, follow, max-snippet:-1, max-image-preview:large, max-video-preview:-1\" \/>\n<link rel=\"canonical\" href=\"https:\/\/www.abogadosmontequinto.com\/index.php\/administrativo-y-contencioso\/\" \/>\n<meta property=\"og:locale\" content=\"es_ES\" \/>\n<meta property=\"og:type\" content=\"article\" \/>\n<meta property=\"og:title\" content=\"Administrativo y Contencioso - Abogados Montequinto\" \/>\n<meta property=\"og:description\" content=\"Administrativoy Contencioso Asesoramiento completo en Derecho Administrativo. Protege adem\u00e1s tu derecho de petici\u00f3n a la Administraci\u00f3n. Y te representamos ante instancias, tribunales y jurisdicciones. Nuestro despacho de abogados en Montequinto, Dos Hermanas. Prestamos un asesoramiento completo en Derecho Administrativo. \u00a0 As\u00ed que no est\u00e1s solo frente a la Administraci\u00f3n. Y, de esta forma, te protegemos&hellip; Continue reading Administrativo y Contencioso\" \/>\n<meta property=\"og:url\" content=\"https:\/\/www.abogadosmontequinto.com\/index.php\/administrativo-y-contencioso\/\" \/>\n<meta property=\"og:site_name\" content=\"Abogados Montequinto\" \/>\n<meta property=\"article:modified_time\" content=\"2024-06-10T12:38:06+00:00\" \/>\n<meta property=\"og:image\" content=\"https:\/\/www.abogadosmontequinto.com\/wp-content\/uploads\/2024\/01\/administrativo.png\" \/>\n<meta name=\"twitter:card\" content=\"summary_large_image\" \/>\n<meta name=\"twitter:label1\" content=\"Tiempo de lectura\" \/>\n\t<meta name=\"twitter:data1\" content=\"2 minutos\" \/>\n<script type=\"application\/ld+json\" class=\"yoast-schema-graph\">{\"@context\":\"https:\\\/\\\/schema.org\",\"@graph\":[{\"@type\":\"WebPage\",\"@id\":\"https:\\\/\\\/www.abogadosmontequinto.com\\\/index.php\\\/administrativo-y-contencioso\\\/\",\"url\":\"https:\\\/\\\/www.abogadosmontequinto.com\\\/index.php\\\/administrativo-y-contencioso\\\/\",\"name\":\"Administrativo y Contencioso - Abogados Montequinto\",\"isPartOf\":{\"@id\":\"https:\\\/\\\/www.abogadosmontequinto.com\\\/#website\"},\"primaryImageOfPage\":{\"@id\":\"https:\\\/\\\/www.abogadosmontequinto.com\\\/index.php\\\/administrativo-y-contencioso\\\/#primaryimage\"},\"image\":{\"@id\":\"https:\\\/\\\/www.abogadosmontequinto.com\\\/index.php\\\/administrativo-y-contencioso\\\/#primaryimage\"},\"thumbnailUrl\":\"https:\\\/\\\/www.abogadosmontequinto.com\\\/wp-content\\\/uploads\\\/2024\\\/01\\\/administrativo.png\",\"datePublished\":\"2024-01-31T11:28:39+00:00\",\"dateModified\":\"2024-06-10T12:38:06+00:00\",\"breadcrumb\":{\"@id\":\"https:\\\/\\\/www.abogadosmontequinto.com\\\/index.php\\\/administrativo-y-contencioso\\\/#breadcrumb\"},\"inLanguage\":\"es\",\"potentialAction\":[{\"@type\":\"ReadAction\",\"target\":[\"https:\\\/\\\/www.abogadosmontequinto.com\\\/index.php\\\/administrativo-y-contencioso\\\/\"]}]},{\"@type\":\"ImageObject\",\"inLanguage\":\"es\",\"@id\":\"https:\\\/\\\/www.abogadosmontequinto.com\\\/index.php\\\/administrativo-y-contencioso\\\/#primaryimage\",\"url\":\"https:\\\/\\\/www.abogadosmontequinto.com\\\/wp-content\\\/uploads\\\/2024\\\/01\\\/administrativo.png\",\"contentUrl\":\"https:\\\/\\\/www.abogadosmontequinto.com\\\/wp-content\\\/uploads\\\/2024\\\/01\\\/administrativo.png\",\"width\":2048,\"height\":1496},{\"@type\":\"BreadcrumbList\",\"@id\":\"https:\\\/\\\/www.abogadosmontequinto.com\\\/index.php\\\/administrativo-y-contencioso\\\/#breadcrumb\",\"itemListElement\":[{\"@type\":\"ListItem\",\"position\":1,\"name\":\"Portada\",\"item\":\"https:\\\/\\\/www.abogadosmontequinto.com\\\/\"},{\"@type\":\"ListItem\",\"position\":2,\"name\":\"Administrativo y Contencioso\"}]},{\"@type\":\"WebSite\",\"@id\":\"https:\\\/\\\/www.abogadosmontequinto.com\\\/#website\",\"url\":\"https:\\\/\\\/www.abogadosmontequinto.com\\\/\",\"name\":\"Abogados Montequinto\",\"description\":\"\",\"publisher\":{\"@id\":\"https:\\\/\\\/www.abogadosmontequinto.com\\\/#organization\"},\"potentialAction\":[{\"@type\":\"SearchAction\",\"target\":{\"@type\":\"EntryPoint\",\"urlTemplate\":\"https:\\\/\\\/www.abogadosmontequinto.com\\\/?s={search_term_string}\"},\"query-input\":{\"@type\":\"PropertyValueSpecification\",\"valueRequired\":true,\"valueName\":\"search_term_string\"}}],\"inLanguage\":\"es\"},{\"@type\":\"Organization\",\"@id\":\"https:\\\/\\\/www.abogadosmontequinto.com\\\/#organization\",\"name\":\"Abogados Montequinto\",\"url\":\"https:\\\/\\\/www.abogadosmontequinto.com\\\/\",\"logo\":{\"@type\":\"ImageObject\",\"inLanguage\":\"es\",\"@id\":\"https:\\\/\\\/www.abogadosmontequinto.com\\\/#\\\/schema\\\/logo\\\/image\\\/\",\"url\":\"https:\\\/\\\/www.abogadosmontequinto.com\\\/wp-content\\\/uploads\\\/2024\\\/01\\\/AM-logotipo-verde-claro.png\",\"contentUrl\":\"https:\\\/\\\/www.abogadosmontequinto.com\\\/wp-content\\\/uploads\\\/2024\\\/01\\\/AM-logotipo-verde-claro.png\",\"width\":8224,\"height\":2000,\"caption\":\"Abogados Montequinto\"},\"image\":{\"@id\":\"https:\\\/\\\/www.abogadosmontequinto.com\\\/#\\\/schema\\\/logo\\\/image\\\/\"}}]}<\/script>\n<!-- \/ Yoast SEO plugin. -->","yoast_head_json":{"title":"Administrativo y Contencioso - Abogados Montequinto","robots":{"index":"index","follow":"follow","max-snippet":"max-snippet:-1","max-image-preview":"max-image-preview:large","max-video-preview":"max-video-preview:-1"},"canonical":"https:\/\/www.abogadosmontequinto.com\/index.php\/administrativo-y-contencioso\/","og_locale":"es_ES","og_type":"article","og_title":"Administrativo y Contencioso - Abogados Montequinto","og_description":"Administrativoy Contencioso Asesoramiento completo en Derecho Administrativo. Protege adem\u00e1s tu derecho de petici\u00f3n a la Administraci\u00f3n. Y te representamos ante instancias, tribunales y jurisdicciones. Nuestro despacho de abogados en Montequinto, Dos Hermanas. Prestamos un asesoramiento completo en Derecho Administrativo. \u00a0 As\u00ed que no est\u00e1s solo frente a la Administraci\u00f3n. Y, de esta forma, te protegemos&hellip; Continue reading Administrativo y Contencioso","og_url":"https:\/\/www.abogadosmontequinto.com\/index.php\/administrativo-y-contencioso\/","og_site_name":"Abogados Montequinto","article_modified_time":"2024-06-10T12:38:06+00:00","og_image":[{"url":"https:\/\/www.abogadosmontequinto.com\/wp-content\/uploads\/2024\/01\/administrativo.png","type":"","width":"","height":""}],"twitter_card":"summary_large_image","twitter_misc":{"Tiempo de lectura":"2 minutos"},"schema":{"@context":"https:\/\/schema.org","@graph":[{"@type":"WebPage","@id":"https:\/\/www.abogadosmontequinto.com\/index.php\/administrativo-y-contencioso\/","url":"https:\/\/www.abogadosmontequinto.com\/index.php\/administrativo-y-contencioso\/","name":"Administrativo y Contencioso - Abogados Montequinto","isPartOf":{"@id":"https:\/\/www.abogadosmontequinto.com\/#website"},"primaryImageOfPage":{"@id":"https:\/\/www.abogadosmontequinto.com\/index.php\/administrativo-y-contencioso\/#primaryimage"},"image":{"@id":"https:\/\/www.abogadosmontequinto.com\/index.php\/administrativo-y-contencioso\/#primaryimage"},"thumbnailUrl":"https:\/\/www.abogadosmontequinto.com\/wp-content\/uploads\/2024\/01\/administrativo.png","datePublished":"2024-01-31T11:28:39+00:00","dateModified":"2024-06-10T12:38:06+00:00","breadcrumb":{"@id":"https:\/\/www.abogadosmontequinto.com\/index.php\/administrativo-y-contencioso\/#breadcrumb"},"inLanguage":"es","potentialAction":[{"@type":"ReadAction","target":["https:\/\/www.abogadosmontequinto.com\/index.php\/administrativo-y-contencioso\/"]}]},{"@type":"ImageObject","inLanguage":"es","@id":"https:\/\/www.abogadosmontequinto.com\/index.php\/administrativo-y-contencioso\/#primaryimage","url":"https:\/\/www.abogadosmontequinto.com\/wp-content\/uploads\/2024\/01\/administrativo.png","contentUrl":"https:\/\/www.abogadosmontequinto.com\/wp-content\/uploads\/2024\/01\/administrativo.png","width":2048,"height":1496},{"@type":"BreadcrumbList","@id":"https:\/\/www.abogadosmontequinto.com\/index.php\/administrativo-y-contencioso\/#breadcrumb","itemListElement":[{"@type":"ListItem","position":1,"name":"Portada","item":"https:\/\/www.abogadosmontequinto.com\/"},{"@type":"ListItem","position":2,"name":"Administrativo y Contencioso"}]},{"@type":"WebSite","@id":"https:\/\/www.abogadosmontequinto.com\/#website","url":"https:\/\/www.abogadosmontequinto.com\/","name":"Abogados Montequinto","description":"","publisher":{"@id":"https:\/\/www.abogadosmontequinto.com\/#organization"},"potentialAction":[{"@type":"SearchAction","target":{"@type":"EntryPoint","urlTemplate":"https:\/\/www.abogadosmontequinto.com\/?s={search_term_string}"},"query-input":{"@type":"PropertyValueSpecification","valueRequired":true,"valueName":"search_term_string"}}],"inLanguage":"es"},{"@type":"Organization","@id":"https:\/\/www.abogadosmontequinto.com\/#organization","name":"Abogados Montequinto","url":"https:\/\/www.abogadosmontequinto.com\/","logo":{"@type":"ImageObject","inLanguage":"es","@id":"https:\/\/www.abogadosmontequinto.com\/#\/schema\/logo\/image\/","url":"https:\/\/www.abogadosmontequinto.com\/wp-content\/uploads\/2024\/01\/AM-logotipo-verde-claro.png","contentUrl":"https:\/\/www.abogadosmontequinto.com\/wp-content\/uploads\/2024\/01\/AM-logotipo-verde-claro.png","width":8224,"height":2000,"caption":"Abogados Montequinto"},"image":{"@id":"https:\/\/www.abogadosmontequinto.com\/#\/schema\/logo\/image\/"}}]}},"_links":{"self":[{"href":"https:\/\/www.abogadosmontequinto.com\/index.php\/wp-json\/wp\/v2\/pages\/858","targetHints":{"allow":["GET"]}}],"collection":[{"href":"https:\/\/www.abogadosmontequinto.com\/index.php\/wp-json\/wp\/v2\/pages"}],"about":[{"href":"https:\/\/www.abogadosmontequinto.com\/index.php\/wp-json\/wp\/v2\/types\/page"}],"author":[{"embeddable":true,"href":"https:\/\/www.abogadosmontequinto.com\/index.php\/wp-json\/wp\/v2\/users\/1"}],"replies":[{"embeddable":true,"href":"https:\/\/www.abogadosmontequinto.com\/index.php\/wp-json\/wp\/v2\/comments?post=858"}],"version-history":[{"count":5,"href":"https:\/\/www.abogadosmontequinto.com\/index.php\/wp-json\/wp\/v2\/pages\/858\/revisions"}],"predecessor-version":[{"id":1111,"href":"https:\/\/www.abogadosmontequinto.com\/index.php\/wp-json\/wp\/v2\/pages\/858\/revisions\/1111"}],"wp:attachment":[{"href":"https:\/\/www.abogadosmontequinto.com\/index.php\/wp-json\/wp\/v2\/media?parent=858"}],"curies":[{"name":"wp","href":"https:\/\/api.w.org\/{rel}","templated":true}]}}